{"id":1896,"date":"2023-05-04T16:19:54","date_gmt":"2023-05-04T16:19:54","guid":{"rendered":"https:\/\/old.pralina.ro\/\/?page_id=1896"},"modified":"2023-09-26T17:47:38","modified_gmt":"2023-09-26T14:47:38","slug":"formular-evenimente","status":"publish","type":"page","link":"https:\/\/old.pralina.ro\/?page_id=1896","title":{"rendered":"Formular evenimente"},"content":{"rendered":"\n<p><\/p>\n\n\n\n<h4 class=\"wp-block-heading has-text-align-center\">Completeaz\u0103 formularul de evenimente pentru o ofert\u0103 personalizat\u0103<\/h4>\n\n\n\n<hr class=\"wp-block-separator has-alpha-channel-opacity\"\/>\n\n\n\n<div class=\"wp-block-group is-layout-constrained wp-block-group-is-layout-constrained\">\n<div class=\"everest-forms\"><div class=\"evf-container default\" id=\"evf-1919\"><form id=\"evf-form-1919\" class=\"everest-form\" data-formid=\"1919\" data-ajax_submission=\"0\" data-keyboard_friendly_form=\"0\" method=\"post\" enctype=\"multipart\/form-data\" action=\"\/index.php?rest_route=%2Fwp%2Fv2%2Fpages%2F1896\"><div class=\"evf-field-container\"><input type=\"hidden\" id=\"_wpnonce1919\" name=\"_wpnonce1919\" value=\"085d1142a0\" \/><input type=\"hidden\" name=\"_wp_http_referer\" value=\"\/index.php?rest_route=%2Fwp%2Fv2%2Fpages%2F1896\" \/><div class=\"evf-frontend-row\" data-row=\"row_1\" conditional_rules=\"[]\"><div class=\"evf-frontend-grid evf-grid-1\" data-grid=\"grid_1\"><div id=\"evf-1919-field_ys0GeZISRs-1-container\" class=\"evf-field evf-field-first-name form-row validate-required\" data-required-field-message=\"This field is required.\" data-field-id=\"ys0GeZISRs-1\"><label class=\"evf-field-label\" for=\"evf-1919-field_ys0GeZISRs-1\"><span class=\"evf-label\">Numele tau<\/span> <abbr class=\"required\" title=\"Required\">*<\/abbr><\/label><input type=\"text\" id=\"evf-1919-field_ys0GeZISRs-1\" class=\"input-text\" name=\"everest_forms[form_fields][ys0GeZISRs-1]\" required><\/div><\/div><\/div><div class=\"evf-frontend-row\" data-row=\"row_2\" conditional_rules=\"[]\"><div class=\"evf-frontend-grid evf-grid-2\" data-grid=\"grid_1\"><div id=\"evf-1919-field_qJtcRLQjaw-6-container\" class=\"evf-field evf-field-email form-row validate-required validate-email\" data-required-field-message=\"Please enter a valid email address.\" data-field-id=\"qJtcRLQjaw-6\"><label class=\"evf-field-label\" for=\"evf-1919-field_qJtcRLQjaw-6\"><span class=\"evf-label\">Email<\/span> <abbr class=\"required\" title=\"Required\">*<\/abbr><\/label><input type=\"email\" id=\"evf-1919-field_qJtcRLQjaw-6\" class=\"input-text\" name=\"everest_forms[form_fields][qJtcRLQjaw-6]\" required ><\/div><\/div><div class=\"evf-frontend-grid evf-grid-2\" data-grid=\"grid_2\"><div id=\"evf-1919-field_oqLzmlTNYo-7-container\" class=\"evf-field evf-field-number form-row validate-required\" data-required-field-message=\"Please enter a valid number.\" data-field-id=\"oqLzmlTNYo-7\"><label class=\"evf-field-label\" for=\"evf-1919-field_oqLzmlTNYo-7\"><span class=\"evf-label\">Telefon<\/span> <abbr class=\"required\" title=\"Required\">*<\/abbr><\/label><input type=\"number\" id=\"evf-1919-field_oqLzmlTNYo-7\" class=\"input-text\" name=\"everest_forms[form_fields][oqLzmlTNYo-7]\" required\/><\/div><\/div><\/div><div class=\"evf-frontend-row\" data-row=\"row_3\" conditional_rules=\"[]\"><div class=\"evf-frontend-grid evf-grid-2\" data-grid=\"grid_1\"><div id=\"evf-1919-field_s1TifBNTCD-8-container\" class=\"evf-field evf-field-date-time form-row validate-required\" data-required-field-message=\"This field is required.\" data-field-id=\"s1TifBNTCD-8\"><label class=\"evf-field-label\" for=\"evf-1919-field_s1TifBNTCD-8\"><span class=\"evf-label\">Data eveniment<\/span> <abbr class=\"required\" title=\"Required\">*<\/abbr><\/label><input type=\"text\" id=\"evf-1919-field_s1TifBNTCD-8\" class=\"flatpickr-field input-text\" name=\"everest_forms[form_fields][s1TifBNTCD-8]\" data-time-interval=\"15\" data-date-time=\"date\" data-mode=\"single\" data-locale=\"en\" data-date-format=\"Y-m-d\" required ><\/div><\/div><div class=\"evf-frontend-grid evf-grid-2\" data-grid=\"grid_2\"><div id=\"evf-1919-field_qIITC2VNqm-9-container\" class=\"evf-field evf-field-date-time form-row validate-required\" data-required-field-message=\"This field is required.\" data-field-id=\"qIITC2VNqm-9\"><label class=\"evf-field-label\" for=\"evf-1919-field_qIITC2VNqm-9\"><span class=\"evf-label\">Ora eveniment<\/span> <abbr class=\"required\" title=\"Required\">*<\/abbr><\/label><input type=\"text\" id=\"evf-1919-field_qIITC2VNqm-9\" class=\"flatpickr-field input-text\" name=\"everest_forms[form_fields][qIITC2VNqm-9]\" data-time-interval=\"15\" data-date-time=\"time\" data-date-format=\"h:i K\" required ><\/div><\/div><\/div><div class=\"evf-frontend-row\" data-row=\"row_4\" conditional_rules=\"[]\"><div class=\"evf-frontend-grid evf-grid-2\" data-grid=\"grid_1\"><div id=\"evf-1919-field_WAjKgvwbfI-10-container\" class=\"evf-field evf-field-text form-row validate-required\" data-required-field-message=\"This field is required.\" data-field-id=\"WAjKgvwbfI-10\"><label class=\"evf-field-label\" for=\"evf-1919-field_WAjKgvwbfI-10\"><span class=\"evf-label\">Locatie<\/span> <abbr class=\"required\" title=\"Required\">*<\/abbr><\/label><input type=\"text\" id=\"evf-1919-field_WAjKgvwbfI-10\" class=\"input-text\" name=\"everest_forms[form_fields][WAjKgvwbfI-10]\" required><\/div><\/div><div class=\"evf-frontend-grid evf-grid-2\" data-grid=\"grid_2\"><div id=\"evf-1919-field_Im0hP5Ni5l-11-container\" class=\"evf-field evf-field-number form-row validate-required\" data-required-field-message=\"Please enter a valid number.\" data-field-id=\"Im0hP5Ni5l-11\"><label class=\"evf-field-label\" for=\"evf-1919-field_Im0hP5Ni5l-11\"><span class=\"evf-label\">Numar persoane<\/span> <abbr class=\"required\" title=\"Required\">*<\/abbr><\/label><input type=\"number\" id=\"evf-1919-field_Im0hP5Ni5l-11\" class=\"input-text\" name=\"everest_forms[form_fields][Im0hP5Ni5l-11]\" required\/><\/div><\/div><\/div><div class=\"evf-frontend-row\" data-row=\"row_6\" conditional_rules=\"[]\"><div class=\"evf-frontend-grid evf-grid-1\" data-grid=\"grid_1\"><div id=\"evf-1919-field_NYRC0eqicy-14-container\" class=\"evf-field evf-field-radio form-row everest-forms-list-2-columns\" data-field-id=\"NYRC0eqicy-14\"><label class=\"evf-field-label\" for=\"evf-1919-field_NYRC0eqicy-14\"><span class=\"evf-label\">Selectati produsele<\/span> <\/label><ul id=\"evf-1919-field_NYRC0eqicy-14\"><li class=\"choice-1 depth-1\"><input type=\"radio\" id=\"evf-1919-field_NYRC0eqicy-14_1\" class=\"input-text\" name=\"everest_forms[form_fields][NYRC0eqicy-14]\" value=\"Tortul mirilor\"  ><label class=\"everest-forms-field-label-inline\" for=\"evf-1919-field_NYRC0eqicy-14_1\">Tortul mirilor<\/label><\/li><li class=\"choice-2 depth-1\"><input type=\"radio\" id=\"evf-1919-field_NYRC0eqicy-14_2\" class=\"input-text\" name=\"everest_forms[form_fields][NYRC0eqicy-14]\" value=\"Candy Bar\"  ><label class=\"everest-forms-field-label-inline\" for=\"evf-1919-field_NYRC0eqicy-14_2\">Candy Bar<\/label><\/li><li class=\"choice-3 depth-1\"><input type=\"radio\" id=\"evf-1919-field_NYRC0eqicy-14_3\" class=\"input-text\" name=\"everest_forms[form_fields][NYRC0eqicy-14]\" value=\"Gelato Bar\"  ><label class=\"everest-forms-field-label-inline\" for=\"evf-1919-field_NYRC0eqicy-14_3\">Gelato Bar<\/label><\/li><li class=\"choice-4 depth-1\"><input type=\"radio\" id=\"evf-1919-field_NYRC0eqicy-14_4\" class=\"input-text\" name=\"everest_forms[form_fields][NYRC0eqicy-14]\" value=\"Marturii\"  ><label class=\"everest-forms-field-label-inline\" for=\"evf-1919-field_NYRC0eqicy-14_4\">Marturii<\/label><\/li><\/ul><\/div><div id=\"evf-1919-field_c0kJ0RYsmP-13-container\" class=\"evf-field evf-field-textarea form-row\" data-field-id=\"c0kJ0RYsmP-13\"><label class=\"evf-field-label\" for=\"evf-1919-field_c0kJ0RYsmP-13\"><span class=\"evf-label\">Mentiuni speciale<\/span> <\/label><textarea id=\"evf-1919-field_c0kJ0RYsmP-13\" class=\"input-text\" name=\"everest_forms[form_fields][c0kJ0RYsmP-13]\"  ><\/textarea><\/div><\/div><\/div><\/div><div class=\"evf-honeypot-container evf-field-hp\"><label for=\"evf-1919-field-hp\" class=\"evf-field-label\">Email<\/label><input type=\"text\" name=\"everest_forms[hp]\" id=\"evf-1919-field-hp\" class=\"input-text\"><\/div><div class=\"evf-submit-container \" ><input type=\"hidden\" name=\"everest_forms[id]\" value=\"1919\"><input type=\"hidden\" name=\"everest_forms[author]\" value=\"3\"><button type='submit' name='everest_forms[submit]' class='everest-forms-submit-button button evf-submit ' id='evf-submit-1919' value='evf-submit' data-process-text=\"Processing\u2026\" conditional_rules='&quot;&quot;' conditional_id='evf-submit-1919'  id=\"evf-submit-1919\" aria-live=\"assertive\">Trimite<\/button><\/div><\/form><\/div><!-- .evf-container --><\/div>\n<\/div>\n","protected":false},"excerpt":{"rendered":"<p>Completeaz\u0103 formularul de evenimente pentru o ofert\u0103 personalizat\u0103<\/p>\n","protected":false},"author":3,"featured_media":0,"parent":0,"menu_order":0,"comment_status":"closed","ping_status":"closed","template":"","meta":{"footnotes":""},"class_list":["post-1896","page","type-page","status-publish","hentry"],"_links":{"self":[{"href":"https:\/\/old.pralina.ro\/index.php?rest_route=\/wp\/v2\/pages\/1896","targetHints":{"allow":["GET"]}}],"collection":[{"href":"https:\/\/old.pralina.ro\/index.php?rest_route=\/wp\/v2\/pages"}],"about":[{"href":"https:\/\/old.pralina.ro\/index.php?rest_route=\/wp\/v2\/types\/page"}],"author":[{"embeddable":true,"href":"https:\/\/old.pralina.ro\/index.php?rest_route=\/wp\/v2\/users\/3"}],"replies":[{"embeddable":true,"href":"https:\/\/old.pralina.ro\/index.php?rest_route=%2Fwp%2Fv2%2Fcomments&post=1896"}],"version-history":[{"count":17,"href":"https:\/\/old.pralina.ro\/index.php?rest_route=\/wp\/v2\/pages\/1896\/revisions"}],"predecessor-version":[{"id":2295,"href":"https:\/\/old.pralina.ro\/index.php?rest_route=\/wp\/v2\/pages\/1896\/revisions\/2295"}],"wp:attachment":[{"href":"https:\/\/old.pralina.ro\/index.php?rest_route=%2Fwp%2Fv2%2Fmedia&parent=1896"}],"curies":[{"name":"wp","href":"https:\/\/api.w.org\/{rel}","templated":true}]}}